{"id":2,"date":"2017-05-09T01:28:44","date_gmt":"2017-05-08T23:28:44","guid":{"rendered":"http:\/\/localhost\/?page_id=2"},"modified":"2024-01-27T11:42:31","modified_gmt":"2024-01-27T10:42:31","slug":"przykladowa-strona","status":"publish","type":"page","link":"https:\/\/www.beatex.com.pl\/","title":{"rendered":"Start"},"content":{"rendered":"<p>[et_pb_section fb_built=&#8221;1&#8243; transparent_background=&#8221;on&#8221; fullwidth=&#8221;on&#8221; admin_label=&#8221;section&#8221; _builder_version=&#8221;3.0.51&#8243;][et_pb_fullwidth_header text_orientation=&#8221;center&#8221; title_font_color=&#8221;#ffffff&#8221; subhead_font_color=&#8221;#ffffff&#8221; _builder_version=&#8221;3.0.64&#8243; title_font=&#8221;|on|||&#8221; title_font_size=&#8221;18px&#8221; background_color=&#8221;#2ea3f2&#8243; custom_css_main_element=&#8221;padding: 10px 1px 1px 1px;&#8221;]<\/p>\n<p style=\"text-align: center;\"><span style=\"font-size: 18pt;\"><strong><span style=\"color: #ffffff;\">WIELE LAT DO\u015aWIADCZE\u0143 \u2013 WIELU ZADOWOLONYCH KLIENT\u00d3W<\/span><\/strong><\/span><\/p>\n<p>[\/et_pb_fullwidth_header][et_pb_fullwidth_slider admin_label=&#8221;Fullwidth Slider&#8221; module_id=&#8221;bg&#8221; _builder_version=&#8221;3.0.64&#8243;][et_pb_slide button_text=&#8221;Czytaj wi\u0119cej&#8221; button_link=&#8221;#oferta&#8221; background_image=&#8221;http:\/\/www.beatex.com.pl\/wp-content\/uploads\/2017\/05\/Fotolia_117609563_M.jpg&#8221; background_color=&#8221;rgba(0,0,0,0.18)&#8221; use_bg_overlay=&#8221;off&#8221; use_text_overlay=&#8221;off&#8221; background_layout=&#8221;light&#8221; _builder_version=&#8221;3.0.47&#8243; header_font=&#8221;||||&#8221; header_font_size=&#8221;28px&#8221; header_font_size_tablet=&#8221;28px&#8221; header_font_size_phone=&#8221;28px&#8221; body_font=&#8221;||||&#8221; custom_button=&#8221;off&#8221; button_icon_placement=&#8221;right&#8221; button_on_hover=&#8221;on&#8221;]<\/p>\n<h2>Biuro Rachunkowe BEATEX<\/h2>\n<p><strong>dzia\u0142a na rynku od 2003 roku.<\/strong><\/p>\n<p>Jeste\u015bmy ma\u0142\u0105 firm\u0105 po\u0142o\u017con\u0105 w Warszawie<b>\u00a0<\/b>przy ul. II Armii Wojska Polskiego 22<\/p>\n<p>[\/et_pb_slide][\/et_pb_fullwidth_slider][\/et_pb_section][et_pb_section fb_built=&#8221;1&#8243; background_color=&#8221;#3a4149&#8243; admin_label=&#8221;section&#8221; module_id=&#8221;onas&#8221; _builder_version=&#8221;3.0.51&#8243;][et_pb_row admin_label=&#8221;row&#8221; _builder_version=&#8221;3.0.51&#8243; background_size=&#8221;initial&#8221; background_position=&#8221;top_left&#8221; background_repeat=&#8221;repeat&#8221;][et_pb_column type=&#8221;4_4&#8243; _builder_version=&#8221;3.0.47&#8243; parallax=&#8221;off&#8221; parallax_method=&#8221;on&#8221;][et_pb_text _builder_version=&#8221;3.0.51&#8243;]<\/p>\n<p><span style=\"color: #b0b3b6;\"><strong>Biuro Rachunkowe BEATEX dzia\u0142a na rynku od 2003 roku.<\/strong>\u00a0<\/span><\/p>\n<p><span style=\"color: #b0b3b6;\"><img loading=\"lazy\" class=\"size-full wp-image-102 alignleft\" src=\"http:\/\/www.beatex.com.pl\/wp-content\/uploads\/2017\/05\/ico_clip.png\" alt=\"\" width=\"68\" height=\"68\" \/><\/span><span style=\"color: #b0b3b6;\">Firma Beatex \u015bwiadczy profesjonalne us\u0142ugi finansowo-ksi\u0119gowe oraz kadrowo-p\u0142acowe dla ma\u0142ych i \u015brednich przedsi\u0119biorstw.<\/span><\/p>\n<p><span style=\"color: #b0b3b6;\">W celu zapewnienia naszym Klientom wysokiego poziomu us\u0142ug regularnie aktualizujemy i podnosimy poziom kwalifikacji zawodowych. Swoim zaanga\u017cowaniem w prac\u0119 i indywidualnym podej\u015bciem do ka\u017cdego Klienta gwarantujemy fachow\u0105 rzeteln\u0105 i terminow\u0105 obs\u0142ug\u0119.\u00a0 Stawiamy na wieloletnie, trwa\u0142e relacje z naszymi Zleceniodawcami. Najlepsz\u0105 wizyt\u00f3wk\u0105 jako\u015bci naszej pracy s\u0105 zadowoleni Klienci, z kt\u00f3rymi wsp\u00f3\u0142pracujemy od pocz\u0105tku naszej dzia\u0142alno\u015bci.<\/span><\/p>\n<p><span style=\"color: #b0b3b6;\">Wszelkie informacje przekazywane pracownikom biura rachunkowego traktowane s\u0105 jako poufne, zapewniamy dyskrecje oraz tajemnic\u0119 handlow\u0105 w czasie trwania umowy jak i po jej zako\u0144czeniu.<\/span><\/p>\n<p><span style=\"color: #b0b3b6;\">Dbamy r\u00f3wnie\u017c o bezpiecze\u0144stwo naszych Klient\u00f3w. Posiadamy polis\u0119 ubezpieczenia OC. Przetwarzanie danych osobowych odbywa si\u0119 wy\u0142\u0105cznie w celu realizacji zawartej umowy oraz zgodnie z zachowaniem podstawowych zasad bezpiecze\u0144stwa wynikaj\u0105cych z ustawy o ochronie danych osobowych.<\/span><\/p>\n<p><span style=\"color: #b0b3b6;\">Ofert\u0119 kierujemy do Klient\u00f3w z Warszawy i okolic.<\/span><\/p>\n<p><span style=\"color: #b0b3b6;\">Korzystamy z najnowszy wersji program\u00f3w ksi\u0119gowych firmy Tik-Soft.<\/span><\/p>\n<p><span style=\"color: #b0b3b6;\">W\u0142a\u015bcicielka Biura jest wieloletnim cz\u0142onkiem Stowarzyszenia Ksi\u0119gowych w Polsce oddzia\u0142 Warszawa.<\/span><\/p>\n<p><span style=\"color: #b0b3b6;\"><strong>Serdecznie zapraszamy do zapoznania si\u0119 z nasz\u0105 ofert\u0105, jak r\u00f3wnie\u017c do nawi\u0105zania wsp\u00f3\u0142pracy.<\/strong><\/span><\/p>\n<p>[\/et_pb_text][\/et_pb_column][\/et_pb_row][\/et_pb_section][et_pb_section fb_built=&#8221;1&#8243; fullwidth=&#8221;on&#8221; _builder_version=&#8221;3.0.47&#8243;][et_pb_fullwidth_header _builder_version=&#8221;3.0.51&#8243; background_color=&#8221;#2ea3f2&#8243; custom_css_main_element=&#8221;padding: 1px;&#8221;]<\/p>\n<p style=\"text-align: center;\"><span style=\"color: #ffffff; font-size: 18pt;\"><strong>Biuro Rachunkowe Beatex<\/strong><\/span><\/p>\n<p style=\"text-align: center;\"><span style=\"color: #ffffff; font-size: 18pt;\"><strong>PRECYZJA \u2013 BEZPIECZE\u0143STWO \u2013 ZAUFANIE \u2013 ELASTYCZNO\u015a\u0106\u00a0<\/strong><\/span><\/p>\n<p>[\/et_pb_fullwidth_header][\/et_pb_section][et_pb_section fb_built=&#8221;1&#8243; transparent_background=&#8221;on&#8221; admin_label=&#8221;section&#8221; module_id=&#8221;oferta&#8221; _builder_version=&#8221;3.0.51&#8243;][et_pb_row admin_label=&#8221;row&#8221; _builder_version=&#8221;3.0.47&#8243; background_size=&#8221;initial&#8221; background_position=&#8221;top_left&#8221; background_repeat=&#8221;repeat&#8221;][et_pb_column type=&#8221;2_3&#8243; _builder_version=&#8221;3.0.47&#8243; parallax=&#8221;off&#8221; parallax_method=&#8221;on&#8221;][et_pb_tabs active_tab_background_color=&#8221;#2ea3f2&#8243; admin_label=&#8221;Tabs&#8221; _builder_version=&#8221;3.0.64&#8243; background_position=&#8221;top_left&#8221; background_repeat=&#8221;repeat&#8221; use_border_color=&#8221;on&#8221; border_color=&#8221;#2ea3f2&#8243; custom_css_main_element=&#8221;border-color: #2ea3f2;&#8221; background_image=&#8221;http:\/\/www.beatex.com.pl\/wp-content\/uploads\/2017\/06\/bg.jpg&#8221;][et_pb_tab title=&#8221;Us\u0142ugi ksi\u0119gowe&#8221; _builder_version=&#8221;3.0.47&#8243; tab_font=&#8221;||||&#8221; tab_line_height=&#8221;2em&#8221; tab_line_height_tablet=&#8221;2em&#8221; tab_line_height_phone=&#8221;2em&#8221; body_font=&#8221;||||&#8221; body_line_height=&#8221;2em&#8221; body_line_height_tablet=&#8221;2em&#8221; body_line_height_phone=&#8221;2em&#8221; background_size=&#8221;initial&#8221; background_position=&#8221;top_left&#8221; background_repeat=&#8221;repeat&#8221;]<\/p>\n<p>&#8211; Prowadzenie Ksi\u0105g Handlowych<br \/>\n&#8211; Ksi\u0119gi przychod\u00f3w i rozchod\u00f3w<br \/>\n&#8211; Rozliczanie zrycza\u0142towanego podatku dochodowego<br \/>\n&#8211; Prowadzenie ewidencji \u015brodk\u00f3w trwa\u0142ych, wyposa\u017cenia<br \/>\n&#8211; Rozliczanie podatku VAT<br \/>\n&#8211; Wype\u0142nianie deklaracji podatkowych<br \/>\n&#8211; Wyprowadzanie zaleg\u0142o\u015bci<br \/>\n&#8211; Kontakty z Urz\u0119dem Skarbowym i ZUS<br \/>\n&#8211; Sporz\u0105dzanie sprawozdawczo\u015bci GUS<\/p>\n<p>[\/et_pb_tab][et_pb_tab title=&#8221;Us\u0142ugi kadrowo-p\u0142acowe&#8221; _builder_version=&#8221;3.0.47&#8243; tab_font=&#8221;||||&#8221; tab_line_height=&#8221;2em&#8221; tab_line_height_tablet=&#8221;2em&#8221; tab_line_height_phone=&#8221;2em&#8221; body_font=&#8221;||||&#8221; body_line_height=&#8221;2em&#8221; body_line_height_tablet=&#8221;2em&#8221; body_line_height_phone=&#8221;2em&#8221; background_size=&#8221;initial&#8221; background_position=&#8221;top_left&#8221; background_repeat=&#8221;repeat&#8221;]<\/p>\n<p>&#8211; Prowadzenie kartotek osobowych pracownik\u00f3w<br \/>\n&#8211; Prowadzenie dokumentacji dotycz\u0105cej urlop\u00f3w<br \/>\n&#8211; Przygotowanie um\u00f3w o prac\u0119, aneks\u00f3w<br \/>\n&#8211; Przygotowanie wypowiedze\u0144 i rozwi\u0105za\u0144 um\u00f3w o prac\u0119<br \/>\n&#8211; Przygotowanie \u015bwiadectw pracy<br \/>\n&#8211; Przygotowanie list p\u0142ac w postaci tabeli i odcink\u00f3w dla pracownik\u00f3w<br \/>\n&#8211; Obs\u0142ug\u0119 um\u00f3w cywilno-prawnych<br \/>\n&#8211; Przygotowanie deklaracji ZUS, Pit-4<br \/>\n&#8211; Przygotowanie informacji dla pracownik\u00f3w na drukach ZUS RMUA<br \/>\n&#8211; Przygotowanie informacji o osi\u0105gni\u0119tych dochodach dla pracownik\u00f3w<br \/>\ni os\u00f3b zatrudnionych na podstawie innych um\u00f3w (Pit-11 i Pit-8b)<br \/>\nOferujemy r\u00f3wnie\u017c pomoc w rejestracji firmy .<\/p>\n<p>[\/et_pb_tab][et_pb_tab title=&#8221;Cennik:&#8221; _builder_version=&#8221;3.0.47&#8243; tab_font=&#8221;||||&#8221; tab_line_height=&#8221;2em&#8221; tab_line_height_tablet=&#8221;2em&#8221; tab_line_height_phone=&#8221;2em&#8221; body_font=&#8221;||||&#8221; body_line_height=&#8221;2em&#8221; body_line_height_tablet=&#8221;2em&#8221; body_line_height_phone=&#8221;2em&#8221; background_size=&#8221;initial&#8221; background_position=&#8221;top_left&#8221; background_repeat=&#8221;repeat&#8221;]<\/p>\n<p>Wysoko\u015b\u0107 op\u0142aty miesi\u0119cznej jest ustalona z Klientem indywidualnie w drodze negocjacji<\/p>\n<p>Przyk\u0142adowe ceny minimalne netto :<br \/>\n1300 z\u0142 &#8211; pe\u0142na ksi\u0119gowo\u015b\u0107<br \/>\n220 z\u0142 &#8211; ksi\u0119ga przychod\u00f3w rozchod\u00f3w<br \/>\n70 z\u0142 &#8211; obs\u0142uga kadrowa pracownika<\/p>\n<p>Ceny uzale\u017cnione s\u0105 od rodzaju dzia\u0142alno\u015bci gospodarczej i ilo\u015bci dokument\u00f3w ksi\u0119gowych.<\/p>\n<p>[\/et_pb_tab][et_pb_tab title=&#8221;Certyfikaty:&#8221; _builder_version=&#8221;3.0.47&#8243; tab_font=&#8221;||||&#8221; tab_line_height=&#8221;2em&#8221; tab_line_height_tablet=&#8221;2em&#8221; tab_line_height_phone=&#8221;2em&#8221; body_font=&#8221;||||&#8221; body_line_height=&#8221;2em&#8221; body_line_height_tablet=&#8221;2em&#8221; body_line_height_phone=&#8221;2em&#8221; background_size=&#8221;initial&#8221; background_position=&#8221;top_left&#8221; background_repeat=&#8221;repeat&#8221;]<\/p>\n<p>Biuro Rachunkowe BEATEX \u015bwiadczy us\u0142ugi na wysokim poziomie. Wizyt\u00f3wk\u0105 Firmy s\u0105 zadowoleni klienci.<\/p>\n<p>Nasze Biuro jest uczestnikiem programu\u00a0<a href=\"https:\/\/wizytowka.rzetelnafirma.pl\/BusinessCard.aspx?banner=7UCCC1AU&amp;source=1\" target=\"_blank\" rel=\"noopener\">Rzetelna Firma<\/a>. Natomiast program ten prowadzony jest pod patronatem Krajowego Rejestru D\u0142ug\u00f3w, kt\u00f3ry rekomenduje wsp\u00f3\u0142prac\u0119 wy\u0142\u0105cznie z Rzetelnymi Firmami.<\/p>\n<p>Posiadamy Certyfikat Rzetelno\u015bci &#8211; &gt;\u00a0<a href=\"https:\/\/wizytowka.rzetelnafirma.pl\/ReportECR.aspx?Banner=7UCCC1AU\" target=\"_blank\" rel=\"noopener\">Certyfikat On-line<\/a><\/p>\n<p>Posiadamy \u015bwiadectwo kwalifikacyjne do us\u0142ugowego prowadzenia ksi\u0105g rachunkowych o numerze 22317\/01<\/p>\n<p>Posiadymy Certyfikat Eksperta Us\u0142ug Ksi\u0119gowych<\/p>\n<p>[\/et_pb_tab][\/et_pb_tabs][\/et_pb_column][et_pb_column type=&#8221;1_3&#8243; _builder_version=&#8221;3.0.47&#8243; parallax=&#8221;off&#8221; parallax_method=&#8221;on&#8221;][et_pb_divider height=&#8221;70&#8243; admin_label=&#8221;Divider&#8221; _builder_version=&#8221;3.0.51&#8243;][\/et_pb_divider][et_pb_image src=&#8221;http:\/\/www.beatex.com.pl\/wp-content\/uploads\/2017\/06\/rzetelna_firma.png&#8221; url=&#8221;https:\/\/wizytowka.rzetelnafirma.pl\/BusinessCard.aspx?banner=7UCCC1AU&amp;source=1&#8243; url_new_window=&#8221;on&#8221; _builder_version=&#8221;3.0.51&#8243;][\/et_pb_image][\/et_pb_column][\/et_pb_row][et_pb_row _builder_version=&#8221;3.0.47&#8243; background_size=&#8221;initial&#8221; background_position=&#8221;top_left&#8221; background_repeat=&#8221;repeat&#8221;][et_pb_column type=&#8221;4_4&#8243; _builder_version=&#8221;3.0.47&#8243; parallax=&#8221;off&#8221; parallax_method=&#8221;on&#8221;][et_pb_text text_orientation=&#8221;center&#8221; _builder_version=&#8221;3.0.51&#8243; custom_css_main_element=&#8221;padding: 1px;&#8221;]<\/p>\n<p style=\"text-align: center;\"><span style=\"font-size: 18pt; color: #2ea3f2;\"><strong>PIT, CIT i VAT \u2013 to \u015bwiadomo\u015b\u0107, \u017ce BEATEX to ksi\u0119gowo\u015b\u0107<\/strong><\/span><\/p>\n<p>[\/et_pb_text][\/et_pb_column][\/et_pb_row][\/et_pb_section][et_pb_section fb_built=&#8221;1&#8243; fullwidth=&#8221;on&#8221; admin_label=&#8221;section&#8221; _builder_version=&#8221;3.0.47&#8243;]\n<div class=\"open-user-map\">\n\n  \n  \n<div class=\"box-wrap map-size-default map-size-mobile-square \">\n  \n  <div class=\"map-wrap\">\n    <div id=\"map-20210929\" class=\"leaflet-map map-style_OpenStreetMap.Mapnik\"><\/div>\n    \n    \n    \n    \n      <div class=\"oum-attribution\">made with <a href=\"https:\/\/www.open-user-map.com\/?ref=map\" title=\"Open User Map | Everybody can add locations\" target=\"_blank\">OUM<\/a><\/div>\n\n    \n    <script type=\"text\/javascript\" data-category=\"functional\" class=\"cmplz-native\" id=\"oum-inline-js\">\n      var map_el = `map-20210929`;\n\n      if(document.getElementById(map_el)) {\n\n        var mapStyle = `OpenStreetMap.Mapnik`;\n        var oum_tile_provider_mapbox_key = ``;\n        var marker_icon_url = `https:\/\/www.beatex.com.pl\/wp-content\/plugins\/open-user-map\/src\/leaflet\/images\/marker-icon_default-2x.png`;\n        var marker_shadow_url = `https:\/\/www.beatex.com.pl\/wp-content\/plugins\/open-user-map\/src\/leaflet\/images\/marker-shadow.png`;\n        var oum_enable_scrollwheel_zoom_map = false;\n        var oum_enable_cluster = true;\n        var oum_enable_fullscreen = false;\n\n        var oum_enable_searchbar = false;\n        var oum_searchbar_type = `address`;\n\n        var oum_geosearch_selected_provider = ``; \n        var oum_geosearch_provider = `osm`;\n        var oum_geosearch_provider_geoapify_key = ``;\n        var oum_geosearch_provider_here_key = ``;\n        var oum_geosearch_provider_mapbox_key = ``;\n        \n        var oum_enable_searchaddress_button = false;\n        var oum_searchaddress_label = `Search for address`;\n\n        var oum_enable_searchmarkers_button = false;\n        var oum_searchmarkers_label = `Find marker`;\n        var oum_searchmarkers_zoom = `8`;\n\n        var oum_enable_currentlocation = false;\n        var oum_collapse_filter = false;\n        var oum_action_after_submit = `text`;\n        var thankyou_redirect = ``;\n        var start_lat = `52.18467940005`;\n        var start_lng = `20.87948265`;\n        var start_zoom = `15`;\n        var oum_enable_fixed_map_bounds = ``;\n        var oum_minimum_zoom_level = ``;\n        var oum_use_settings_start_location = true;\n        var oum_has_regions = false;\n\n        var oum_location = {};\n        var locations_without_type = [];\n        var locations_by_type = [];\n        var oum_custom_css = '';\n        var oum_custom_script = '';\n        var oumMap;\n        var oumMap2;\n\n        var oumPrepareLocations = (location) => {\n          \/\/console.log(location, 'location');\n          if(location.type) {\n            \/\/ add new marker category to array if not exists\n            if(!locations_by_type.find(markercategory => markercategory.id === location.type)) {\n              let newmarkercategory = {\n                id: location.type,\n                name: location.type_name,\n                icon: location.icon,\n                locations : []\n              }\n              locations_by_type.push(newmarkercategory);\n            }\n\n            \/\/ add location to marker category\n            let markercategory = locations_by_type.find(markercategory => markercategory.id === location.type);\n            markercategory.locations.push(location);\n\n          }else{\n            locations_without_type.push(location);\n          }\n        };\n\n        var oumConditionalField = (sourceField, targetField, condShow, condHide) => {\n          const sourceElement = document.querySelector(sourceField);\n          const targetElement = document.querySelector(targetField).parentElement; \/* works with custom fields only *\/\n\n          \/* trigger on change *\/\n          sourceElement.onchange = function(e) {\n            const val = this.value;\n            \n            console.log('OUM: run condition', {val, sourceField, targetField, condShow, condHide});\n            \n            if(condShow.includes(val)) {\n              targetElement.style.display = 'block';\n            }else if(condHide.includes(this.value)) {\n              targetElement.style.display = 'none';\n            }\n          }\n\n          \/* trigger initially *\/\n          let changeEvent = new Event('change');\n          sourceElement.dispatchEvent(changeEvent);\n        };\n\n        \/* Transfer PHP array to JS array *\/\n        var oum_all_locations = [{\"title\":\"Biuro rachunkowe Beatex\",\"lat\":\"52.18468935\",\"lng\":\"20.879491805383\",\"content\":\"<div class=\\\"oum_location_text\\\"><div class=\\\"oum_location_address\\\"><a title=\\\"go to Google Maps\\\" href=\\\"https:\\\/\\\/www.google.com\\\/maps\\\/search\\\/?api=1&amp;query=52.18468935%2C20.879491805383\\\" target=\\\"_blank\\\">II Armii Wojska Polskiego 22<\\\/a><\\\/div><h3 class=\\\"oum_location_name\\\">Biuro rachunkowe Beatex<\\\/h3><div class=\\\"oum_location_custom_fields\\\"><\\\/div><div class=\\\"oum_location_description\\\"><\\\/div><\\\/div>\",\"icon\":\"https:\\\/\\\/www.beatex.com.pl\\\/wp-content\\\/plugins\\\/open-user-map\\\/src\\\/leaflet\\\/images\\\/marker-icon_default-2x.png\",\"type\":\"\",\"type_name\":\"\",\"post_id\":\"308\"}];\n\n        \/* Group Locations by marker categories (if exist) for further processing *\/\n        oum_all_locations.forEach(oumPrepareLocations);\n\n\n        \/**\n         * Add Custom Styles\n         *\/\n        \n        \n          \/* custom color *\/\n          oum_custom_css += `\n            .open-user-map .add-location #close-add-location-overlay:hover {color: #e02aaf !important}\n            .open-user-map input.oum-switch[type=\"checkbox\"]:checked + label::before {background-color: #e02aaf !important}\n            .open-user-map .add-location .location-overlay-content #oum_add_location_thankyou h3 {color: #e02aaf !important}\n            .open-user-map .oum_location_text a {color: #e02aaf !important}\n            .open-user-map .oum-tabs {border-color: #e02aaf !important}\n            .open-user-map .oum-tabs .nav-item:hover {color: #e02aaf !important; border-color: #e02aaf !important}\n            .open-user-map .oum-tabs .nav-item.active {color: #e02aaf !important; border-color: #e02aaf !important}\n            .open-user-map .box-wrap .map-wrap .oum-attribution a {color: #e02aaf !important;}`;\n\n        \n        \n          \/* custom map height *\/\n          oum_custom_css += `\n            .open-user-map .box-wrap > .map-wrap {padding: 0 !important; height: 400px !important; aspect-ratio: unset !important;}`;\n\n        \n        \n        var custom_style = document.createElement('style');\n\n        if (custom_style.styleSheet) {\n          custom_style.styleSheet.cssText = oum_custom_css;\n        } else {\n          custom_style.appendChild(document.createTextNode(oum_custom_css));\n        }\n\n        document.getElementsByTagName('head')[0].appendChild(custom_style);\n\n      }\n    <\/script>\n\n  <\/div>\n\n  <\/div>\n<\/div>[\/et_pb_section][et_pb_section fb_built=&#8221;1&#8243; transparent_background=&#8221;on&#8221; inner_shadow=&#8221;on&#8221; admin_label=&#8221;section&#8221; module_id=&#8221;kontakt&#8221; _builder_version=&#8221;3.0.51&#8243;][et_pb_row admin_label=&#8221;row&#8221; _builder_version=&#8221;3.0.51&#8243; background_size=&#8221;initial&#8221; background_position=&#8221;top_left&#8221; background_repeat=&#8221;repeat&#8221;][et_pb_column type=&#8221;1_2&#8243; _builder_version=&#8221;3.0.47&#8243; parallax=&#8221;off&#8221; parallax_method=&#8221;on&#8221;][et_pb_text max_width=&#8221;350px&#8221; _builder_version=&#8221;3.0.64&#8243; background_color=&#8221;#ffffff&#8221; custom_padding=&#8221;20px|20px|20px|20px&#8221;]<\/p>\n<p><span style=\"color: #2ea3f2;\"><strong><span class=\"contact-street\">Biuro Rachunkowe Beatex\u00a0<\/span>Beata Imio\u0142ek<\/strong><\/span><br \/>\nul. II Armii Wojska Polskiego 22<br \/>\n02-495 Warszawa<\/p>\n<p>tel.: (22) 397-22-82<br \/>\n<strong>tel. kom.: 509-807-002<\/strong><br \/>\ne-mail: beatex@beatex.com.pl<br \/>\nwebside: www.beatex.com.pl<\/p>\n<p>[\/et_pb_text][\/et_pb_column][et_pb_column type=&#8221;1_2&#8243; _builder_version=&#8221;3.0.47&#8243; parallax=&#8221;off&#8221; parallax_method=&#8221;on&#8221;][et_pb_text max_width=&#8221;350px&#8221; _builder_version=&#8221;3.0.64&#8243; background_color=&#8221;#ffffff&#8221; custom_padding=&#8221;20px|20px|20px|20px&#8221;]<\/p>\n<p><span style=\"color: #2ea3f2;\"><strong>Godziny pracy Biura:<\/strong><\/span><br \/>\nPoniedzia\u0142ek 08:00 \u2013 16:00<br \/>\nWtorek 08:00 \u2013 16:00<br \/>\n\u015aroda 08:00 \u2013 16:00<br \/>\nCzwartek 08:00 \u2013 16:00<br \/>\nPi\u0105tek 08:00 \u2013 16:00<\/p>\n<p>[\/et_pb_text][\/et_pb_column][\/et_pb_row][et_pb_row _builder_version=&#8221;3.0.47&#8243; background_size=&#8221;initial&#8221; background_position=&#8221;top_left&#8221; background_repeat=&#8221;repeat&#8221;][et_pb_column type=&#8221;4_4&#8243; _builder_version=&#8221;3.0.47&#8243; parallax=&#8221;off&#8221; parallax_method=&#8221;on&#8221;][et_pb_text _builder_version=&#8221;3.0.51&#8243;]<\/p>\n<p><span style=\"font-size: 18pt; color: #2ea3f2;\"><strong>FORMY ROZLICZE\u0143 DLA NAS NIE MAJ\u0104 NAJMNIEJSZEGO ZNACZENIA.<\/strong><\/span><\/p>\n<p><span style=\"font-size: 14pt; color: #000000;\">Obs\u0142ugujemy firmy rozliczaj\u0105ce si\u0119 na podstawie karty podatkowej, rycza\u0142tu, ksi\u0105\u017cki przychod\u00f3w i rozchod\u00f3w oraz ksi\u0105g handlowych.<\/span><\/p>\n<p>Zapraszamy do wsp\u00f3\u0142pracy!<\/p>\n<p>[\/et_pb_text][\/et_pb_column][\/et_pb_row][\/et_pb_section]<\/p>\n","protected":false},"excerpt":{"rendered":"<p>[et_pb_section fb_built=&#8221;1&#8243; transparent_background=&#8221;on&#8221; fullwidth=&#8221;on&#8221; admin_label=&#8221;section&#8221; _builder_version=&#8221;3.0.51&#8243;][et_pb_fullwidth_header text_orientation=&#8221;center&#8221; title_font_color=&#8221;#ffffff&#8221; subhead_font_color=&#8221;#ffffff&#8221; _builder_version=&#8221;3.0.64&#8243; title_font=&#8221;|on|||&#8221; title_font_size=&#8221;18px&#8221; background_color=&#8221;#2ea3f2&#8243; custom_css_main_element=&#8221;padding: 10px 1px 1px 1px;&#8221;] WIELE LAT DO\u015aWIADCZE\u0143 \u2013 WIELU ZADOWOLONYCH KLIENT\u00d3W [\/et_pb_fullwidth_header][et_pb_fullwidth_slider admin_label=&#8221;Fullwidth Slider&#8221; module_id=&#8221;bg&#8221; _builder_version=&#8221;3.0.64&#8243;][et_pb_slide button_text=&#8221;Czytaj wi\u0119cej&#8221; button_link=&#8221;#oferta&#8221; background_image=&#8221;http:\/\/www.beatex.com.pl\/wp-content\/uploads\/2017\/05\/Fotolia_117609563_M.jpg&#8221; background_color=&#8221;rgba(0,0,0,0.18)&#8221; use_bg_overlay=&#8221;off&#8221; use_text_overlay=&#8221;off&#8221; background_layout=&#8221;light&#8221; _builder_version=&#8221;3.0.47&#8243; header_font=&#8221;||||&#8221; header_font_size=&#8221;28px&#8221; header_font_size_tablet=&#8221;28px&#8221; header_font_size_phone=&#8221;28px&#8221; body_font=&#8221;||||&#8221; custom_button=&#8221;off&#8221; button_icon_placement=&#8221;right&#8221; button_on_hover=&#8221;on&#8221;] Biuro Rachunkowe BEATEX dzia\u0142a na rynku od 2003 [&hellip;]<\/p>\n","protected":false},"author":1,"featured_media":0,"parent":0,"menu_order":0,"comment_status":"closed","ping_status":"open","template":"","meta":[],"_links":{"self":[{"href":"https:\/\/www.beatex.com.pl\/index.php?rest_route=\/wp\/v2\/pages\/2"}],"collection":[{"href":"https:\/\/www.beatex.com.pl\/index.php?rest_route=\/wp\/v2\/pages"}],"about":[{"href":"https:\/\/www.beatex.com.pl\/index.php?rest_route=\/wp\/v2\/types\/page"}],"author":[{"embeddable":true,"href":"https:\/\/www.beatex.com.pl\/index.php?rest_route=\/wp\/v2\/users\/1"}],"replies":[{"embeddable":true,"href":"https:\/\/www.beatex.com.pl\/index.php?rest_route=%2Fwp%2Fv2%2Fcomments&post=2"}],"version-history":[{"count":106,"href":"https:\/\/www.beatex.com.pl\/index.php?rest_route=\/wp\/v2\/pages\/2\/revisions"}],"predecessor-version":[{"id":310,"href":"https:\/\/www.beatex.com.pl\/index.php?rest_route=\/wp\/v2\/pages\/2\/revisions\/310"}],"wp:attachment":[{"href":"https:\/\/www.beatex.com.pl\/index.php?rest_route=%2Fwp%2Fv2%2Fmedia&parent=2"}],"curies":[{"name":"wp","href":"https:\/\/api.w.org\/{rel}","templated":true}]}}